{"id":15594,"date":"2019-02-28T14:17:35","date_gmt":"2019-02-28T14:17:35","guid":{"rendered":"http:\/\/ztfbooks.depts.cmfionline.com\/z-t-fomum\/"},"modified":"2023-02-12T14:06:09","modified_gmt":"2023-02-12T14:06:09","slug":"z-t-fomum","status":"publish","type":"page","link":"https:\/\/ztfbooks.com\/de\/z-t-fomum\/","title":{"rendered":"Z.T. Fomum"},"content":{"rendered":"<p>[vc_row full_width=&#8220;stretch_row&#8220; css=&#8220;.vc_custom_1556186848115{background-color: #f3f0ef !important;}&#8220;][vc_column offset=&#8220;vc_hidden-lg vc_hidden-md&#8220;][vc_single_image image=&#8220;196&#8243; img_size=&#8220;large&#8220; alignment=&#8220;center&#8220; style=&#8220;vc_box_rounded&#8220; css=&#8220;.vc_custom_1556187319700{margin-bottom: 0px !important;}&#8220;][\/vc_column][\/vc_row][vc_row full_width=&#8220;stretch_row&#8220; css=&#8220;.vc_custom_1675979543612{background: #f3f0ef url(http:\/\/ztfbooks.depts.cmfionline.com\/wp-content\/uploads\/2023\/02\/BookBrushImage-2023-2-9-22-5128.png?id=5156) !important;background-position: center !important;background-repeat: no-repeat !important;background-size: cover !important;}&#8220; el_class=&#8220;about-author-bio&#8220;][vc_column width=&#8220;1\/2&#8243; css=&#8220;.vc_custom_1555587610065{padding-top: 0px !important;}&#8220;][lab_heading title=&#8220;Prof. Z.T. Fomum&#8220; el_class=&#8220;author-page-title&#8220;]Wissenschaftler, Apostel, Erweckungsprediger.[\/lab_heading][vc_column_text]<\/p>\n<div>\n<p><em>Z.T. Fomum<\/em> war in vielen Bereichen au\u00dfergew\u00f6hnlich. Er war ein Universit\u00e4tsprofessor, ein Wissenschaftler, ein weltweiter Gebetslehrer und ein Mann mit ungew\u00f6hnlichen geistlichen Erfahrungen. Er war ein Teamleiter und Apostel einer erfolgreichen Missionsarbeit und -bewegung.<\/p>\n<p>Er war auch eine f\u00fchrende Stimme der Erweckung. Er war ein Workaholic und in seinen pers\u00f6nlichen Beziehungen auf ungew\u00f6hnliche Weise liebevoll und zog M\u00e4nner und Frauen von Format und gro\u00dfen Gaben in lebenslangen Beziehungen und im Engagement f\u00fcr eine Sache an sich.<\/p>\n<\/div>\n<p>[\/vc_column_text][lab_button title=&#8220;Mehr Informationen&#8220; type=&#8220;standard&#8220; size=&#8220;btn-large&#8220; link=&#8220;url:https%3A%2Fztfomum.org|target:_blank|&#8220; css=&#8220;.vc_custom_1675982548268{border-radius: 5px !important;}&#8220;][\/vc_column][vc_column width=&#8220;1\/2&#8243; offset=&#8220;vc_hidden-sm vc_hidden-xs&#8220;][\/vc_column][\/vc_row][vc_row full_width=&#8220;stretch_row&#8220; css=&#8220;.vc_custom_1675978065926{background-color: #ffffff !important;background-position: 0 0 !important;background-repeat: repeat !important;}&#8220;][vc_column][vc_column_text]<\/p>\n<h3>Popul\u00e4re B\u00fccher<\/h3>\n<p>Popul\u00e4rste B\u00fccher von Z.T. Fomum[\/vc_column_text]<div class=\"woocommerce columns-5 \"><\/div>[\/vc_column][\/vc_row][vc_row full_width=&#8220;stretch_row&#8220; css=&#8220;.vc_custom_1555587637765{background-image: url(http:\/\/ztfbooks.depts.cmfionline.com\/wp-content\/uploads\/2019\/04\/cork-wallet.png?id=653) !important;}&#8220; el_class=&#8220;about-author-quote&#8220;][vc_column css=&#8220;.vc_custom_1555587703945{padding-top: 0px !important;}&#8220;][vc_column_text css=&#8220;.vc_custom_1675983320405{margin-bottom: 0px !important;}&#8220;]<\/p>\n<h2>&#8222;Es gab eine Zeit, in der ich kein Bibellehrer war. Am 21. Oktober 1970 um 17 Uhr kam der Heilige Geist \u00fcber mich, und am n\u00e4chsten Tag wurde ich Bibellehrer. Ich habe es nicht gelernt&#8220;<\/h2>\n<p style=\"text-align: right;\"><em>Z.T. Fomum, in &#8222;Von seinen Lippen: \u00dcber ihn selbst&#8220;<\/em><\/p>\n<p>&nbsp;[\/vc_column_text][\/vc_column][\/vc_row]<\/p>\n","protected":false},"excerpt":{"rendered":"<p>[vc_row full_width=&#8220;stretch_row&#8220; css=&#8220;.vc_custom_1556186848115{background-color: #f3f0ef !important;}&#8220;][vc_column offset=&#8220;vc_hidden-lg vc_hidden-md&#8220;][vc_single_image image=&#8220;196&#8243; img_size=&#8220;large&#8220; alignment=&#8220;center&#8220; style=&#8220;vc_box_rounded&#8220; css=&#8220;.vc_custom_1556187319700{margin-bottom: 0px !important;}&#8220;][\/vc_column][\/vc_row][vc_row full_width=&#8220;stretch_row&#8220; css=&#8220;.vc_custom_1675979543612{background: #f3f0ef url(http:\/\/ztfbooks.depts.cmfionline.com\/wp-content\/uploads\/2023\/02\/BookBrushImage-2023-2-9-22-5128.png?id=5156) !important;background-position: center !important;background-repeat: no-repeat !important;background-size: cover !important;}&#8220; el_class=&#8220;about-author-bio&#8220;][vc_column width=&#8220;1\/2&#8243; css=&#8220;.vc_custom_1555587610065{padding-top: 0px !important;}&#8220;][lab_heading title=&#8220;Prof. Z.T. Fomum&#8220; el_class=&#8220;author-page-title&#8220;]Wissenschaftler, Apostel, Erweckungsprediger.[\/lab_heading][vc_column_text] Z.T. Fomum war in&#8230;<\/p>\n","protected":false},"author":1,"featured_media":0,"parent":0,"menu_order":0,"comment_status":"closed","ping_status":"closed","template":"","meta":{"footnotes":""},"class_list":["post-15594","page","type-page","status-publish","hentry"],"yoast_head":"<!-- This site is optimized with the Yoast SEO plugin v27.4 - https:\/\/yoast.com\/product\/yoast-seo-wordpress\/ -->\n<title>Z.T. Fomum &#187; ZTFBooks<\/title>\n<meta name=\"robots\" content=\"index, follow, max-snippet:-1, max-image-preview:large, max-video-preview:-1\" \/>\n<link rel=\"canonical\" href=\"https:\/\/ztfbooks.com\/de\/z-t-fomum\/\" \/>\n<meta property=\"og:locale\" content=\"de_DE\" \/>\n<meta property=\"og:type\" content=\"article\" \/>\n<meta property=\"og:title\" content=\"Z.T. Fomum &#187; ZTFBooks\" \/>\n<meta property=\"og:description\" content=\"[vc_row full_width=&#8220;stretch_row&#8220; css=&#8220;.vc_custom_1556186848115{background-color: #f3f0ef !important;}&#8220;][vc_column offset=&#8220;vc_hidden-lg vc_hidden-md&#8220;][vc_single_image image=&#8220;196&#8243; img_size=&#8220;large&#8220; alignment=&#8220;center&#8220; style=&#8220;vc_box_rounded&#8220; css=&#8220;.vc_custom_1556187319700{margin-bottom: 0px !important;}&#8220;][\/vc_column][\/vc_row][vc_row full_width=&#8220;stretch_row&#8220; css=&#8220;.vc_custom_1675979543612{background: #f3f0ef url(http:\/\/ztfbooks.depts.cmfionline.com\/wp-content\/uploads\/2023\/02\/BookBrushImage-2023-2-9-22-5128.png?id=5156) !important;background-position: center !important;background-repeat: no-repeat !important;background-size: cover !important;}&#8220; el_class=&#8220;about-author-bio&#8220;][vc_column width=&#8220;1\/2&#8243; css=&#8220;.vc_custom_1555587610065{padding-top: 0px !important;}&#8220;][lab_heading title=&#8220;Prof. Z.T. Fomum&#8220; el_class=&#8220;author-page-title&#8220;]Wissenschaftler, Apostel, Erweckungsprediger.[\/lab_heading][vc_column_text] Z.T. Fomum war in...\" \/>\n<meta property=\"og:url\" content=\"https:\/\/ztfbooks.com\/de\/z-t-fomum\/\" \/>\n<meta property=\"og:site_name\" content=\"ZTFBooks\" \/>\n<meta property=\"article:publisher\" content=\"https:\/\/facebook.com\/cmfionline\" \/>\n<meta property=\"article:modified_time\" content=\"2023-02-12T14:06:09+00:00\" \/>\n<meta property=\"og:image\" content=\"https:\/\/i0.wp.com\/ztfbooks.com\/wp-content\/uploads\/2023\/10\/paper-scaled.jpg?fit=2560%2C1920&ssl=1\" \/>\n\t<meta property=\"og:image:width\" content=\"2560\" \/>\n\t<meta property=\"og:image:height\" content=\"1920\" \/>\n\t<meta property=\"og:image:type\" content=\"image\/jpeg\" \/>\n<meta name=\"twitter:card\" content=\"summary_large_image\" \/>\n<meta name=\"twitter:site\" content=\"@cmfionline\" \/>\n<meta name=\"twitter:label1\" content=\"Gesch\u00e4tzte Lesezeit\" \/>\n\t<meta name=\"twitter:data1\" content=\"2\u00a0Minuten\" \/>\n<script type=\"application\/ld+json\" class=\"yoast-schema-graph\">{\"@context\":\"https:\\\/\\\/schema.org\",\"@graph\":[{\"@type\":\"WebPage\",\"@id\":\"https:\\\/\\\/ztfbooks.com\\\/de\\\/z-t-fomum\\\/\",\"url\":\"https:\\\/\\\/ztfbooks.com\\\/de\\\/z-t-fomum\\\/\",\"name\":\"Z.T. Fomum &#187; ZTFBooks\",\"isPartOf\":{\"@id\":\"https:\\\/\\\/ztfbooks.com\\\/de\\\/#website\"},\"datePublished\":\"2019-02-28T14:17:35+00:00\",\"dateModified\":\"2023-02-12T14:06:09+00:00\",\"breadcrumb\":{\"@id\":\"https:\\\/\\\/ztfbooks.com\\\/de\\\/z-t-fomum\\\/#breadcrumb\"},\"inLanguage\":\"de\",\"potentialAction\":[{\"@type\":\"ReadAction\",\"target\":[\"https:\\\/\\\/ztfbooks.com\\\/de\\\/z-t-fomum\\\/\"]}]},{\"@type\":\"BreadcrumbList\",\"@id\":\"https:\\\/\\\/ztfbooks.com\\\/de\\\/z-t-fomum\\\/#breadcrumb\",\"itemListElement\":[{\"@type\":\"ListItem\",\"position\":1,\"name\":\"Home\",\"item\":\"https:\\\/\\\/ztfbooks.com\\\/de\\\/\"},{\"@type\":\"ListItem\",\"position\":2,\"name\":\"Z.T. Fomum\"}]},{\"@type\":\"WebSite\",\"@id\":\"https:\\\/\\\/ztfbooks.com\\\/de\\\/#website\",\"url\":\"https:\\\/\\\/ztfbooks.com\\\/de\\\/\",\"name\":\"ZTFBooks\",\"description\":\"A good literature for the inner life\",\"publisher\":{\"@id\":\"https:\\\/\\\/ztfbooks.com\\\/de\\\/#organization\"},\"alternateName\":\"Zach Fomum Books\",\"potentialAction\":[{\"@type\":\"SearchAction\",\"target\":{\"@type\":\"EntryPoint\",\"urlTemplate\":\"https:\\\/\\\/ztfbooks.com\\\/de\\\/?s={search_term_string}\"},\"query-input\":{\"@type\":\"PropertyValueSpecification\",\"valueRequired\":true,\"valueName\":\"search_term_string\"}}],\"inLanguage\":\"de\"},{\"@type\":\"Organization\",\"@id\":\"https:\\\/\\\/ztfbooks.com\\\/de\\\/#organization\",\"name\":\"ZTFBooks\",\"url\":\"https:\\\/\\\/ztfbooks.com\\\/de\\\/\",\"logo\":{\"@type\":\"ImageObject\",\"inLanguage\":\"de\",\"@id\":\"https:\\\/\\\/ztfbooks.com\\\/de\\\/#\\\/schema\\\/logo\\\/image\\\/\",\"url\":\"https:\\\/\\\/i0.wp.com\\\/ztfbooks.com\\\/wp-content\\\/uploads\\\/2022\\\/11\\\/cropped-1.jpg?fit=300%2C300&ssl=1\",\"contentUrl\":\"https:\\\/\\\/i0.wp.com\\\/ztfbooks.com\\\/wp-content\\\/uploads\\\/2022\\\/11\\\/cropped-1.jpg?fit=300%2C300&ssl=1\",\"width\":300,\"height\":300,\"caption\":\"ZTFBooks\"},\"image\":{\"@id\":\"https:\\\/\\\/ztfbooks.com\\\/de\\\/#\\\/schema\\\/logo\\\/image\\\/\"},\"sameAs\":[\"https:\\\/\\\/facebook.com\\\/cmfionline\",\"https:\\\/\\\/x.com\\\/cmfionline\"]}]}<\/script>\n<!-- \/ Yoast SEO plugin. -->","yoast_head_json":{"title":"Z.T. Fomum &#187; ZTFBooks","robots":{"index":"index","follow":"follow","max-snippet":"max-snippet:-1","max-image-preview":"max-image-preview:large","max-video-preview":"max-video-preview:-1"},"canonical":"https:\/\/ztfbooks.com\/de\/z-t-fomum\/","og_locale":"de_DE","og_type":"article","og_title":"Z.T. Fomum &#187; ZTFBooks","og_description":"[vc_row full_width=&#8220;stretch_row&#8220; css=&#8220;.vc_custom_1556186848115{background-color: #f3f0ef !important;}&#8220;][vc_column offset=&#8220;vc_hidden-lg vc_hidden-md&#8220;][vc_single_image image=&#8220;196&#8243; img_size=&#8220;large&#8220; alignment=&#8220;center&#8220; style=&#8220;vc_box_rounded&#8220; css=&#8220;.vc_custom_1556187319700{margin-bottom: 0px !important;}&#8220;][\/vc_column][\/vc_row][vc_row full_width=&#8220;stretch_row&#8220; css=&#8220;.vc_custom_1675979543612{background: #f3f0ef url(http:\/\/ztfbooks.depts.cmfionline.com\/wp-content\/uploads\/2023\/02\/BookBrushImage-2023-2-9-22-5128.png?id=5156) !important;background-position: center !important;background-repeat: no-repeat !important;background-size: cover !important;}&#8220; el_class=&#8220;about-author-bio&#8220;][vc_column width=&#8220;1\/2&#8243; css=&#8220;.vc_custom_1555587610065{padding-top: 0px !important;}&#8220;][lab_heading title=&#8220;Prof. Z.T. Fomum&#8220; el_class=&#8220;author-page-title&#8220;]Wissenschaftler, Apostel, Erweckungsprediger.[\/lab_heading][vc_column_text] Z.T. Fomum war in...","og_url":"https:\/\/ztfbooks.com\/de\/z-t-fomum\/","og_site_name":"ZTFBooks","article_publisher":"https:\/\/facebook.com\/cmfionline","article_modified_time":"2023-02-12T14:06:09+00:00","og_image":[{"width":2560,"height":1920,"url":"https:\/\/i0.wp.com\/ztfbooks.com\/wp-content\/uploads\/2023\/10\/paper-scaled.jpg?fit=2560%2C1920&ssl=1","type":"image\/jpeg"}],"twitter_card":"summary_large_image","twitter_site":"@cmfionline","twitter_misc":{"Gesch\u00e4tzte Lesezeit":"2\u00a0Minuten"},"schema":{"@context":"https:\/\/schema.org","@graph":[{"@type":"WebPage","@id":"https:\/\/ztfbooks.com\/de\/z-t-fomum\/","url":"https:\/\/ztfbooks.com\/de\/z-t-fomum\/","name":"Z.T. Fomum &#187; ZTFBooks","isPartOf":{"@id":"https:\/\/ztfbooks.com\/de\/#website"},"datePublished":"2019-02-28T14:17:35+00:00","dateModified":"2023-02-12T14:06:09+00:00","breadcrumb":{"@id":"https:\/\/ztfbooks.com\/de\/z-t-fomum\/#breadcrumb"},"inLanguage":"de","potentialAction":[{"@type":"ReadAction","target":["https:\/\/ztfbooks.com\/de\/z-t-fomum\/"]}]},{"@type":"BreadcrumbList","@id":"https:\/\/ztfbooks.com\/de\/z-t-fomum\/#breadcrumb","itemListElement":[{"@type":"ListItem","position":1,"name":"Home","item":"https:\/\/ztfbooks.com\/de\/"},{"@type":"ListItem","position":2,"name":"Z.T. Fomum"}]},{"@type":"WebSite","@id":"https:\/\/ztfbooks.com\/de\/#website","url":"https:\/\/ztfbooks.com\/de\/","name":"ZTFBooks","description":"A good literature for the inner life","publisher":{"@id":"https:\/\/ztfbooks.com\/de\/#organization"},"alternateName":"Zach Fomum Books","potentialAction":[{"@type":"SearchAction","target":{"@type":"EntryPoint","urlTemplate":"https:\/\/ztfbooks.com\/de\/?s={search_term_string}"},"query-input":{"@type":"PropertyValueSpecification","valueRequired":true,"valueName":"search_term_string"}}],"inLanguage":"de"},{"@type":"Organization","@id":"https:\/\/ztfbooks.com\/de\/#organization","name":"ZTFBooks","url":"https:\/\/ztfbooks.com\/de\/","logo":{"@type":"ImageObject","inLanguage":"de","@id":"https:\/\/ztfbooks.com\/de\/#\/schema\/logo\/image\/","url":"https:\/\/i0.wp.com\/ztfbooks.com\/wp-content\/uploads\/2022\/11\/cropped-1.jpg?fit=300%2C300&ssl=1","contentUrl":"https:\/\/i0.wp.com\/ztfbooks.com\/wp-content\/uploads\/2022\/11\/cropped-1.jpg?fit=300%2C300&ssl=1","width":300,"height":300,"caption":"ZTFBooks"},"image":{"@id":"https:\/\/ztfbooks.com\/de\/#\/schema\/logo\/image\/"},"sameAs":["https:\/\/facebook.com\/cmfionline","https:\/\/x.com\/cmfionline"]}]}},"jetpack-related-posts":[{"id":5181,"url":"https:\/\/ztfbooks.com\/ebooks\/","url_meta":{"origin":15594,"position":0},"title":"eBooks","author":"ZTF BOOKS","date":"9. Februar 2023","format":false,"excerpt":"The Game of Life 2024 Summer Games! What if this was equally an opportunity to consider this other game wherein each one of us is an athlete, that of life? This is what Professor Fomum invites us to. He remains faithful to the vision of an individual\u2019s full development which\u2026","rel":"","context":"\u00c4hnlicher Beitrag","block_context":{"text":"\u00c4hnlicher Beitrag","link":""},"img":{"alt_text":"Image link","src":"https:\/\/i0.wp.com\/ztfbooks.com\/wp-content\/uploads\/2024\/05\/logo-bleu.webp?resize=350%2C200&ssl=1","width":350,"height":200,"srcset":"https:\/\/i0.wp.com\/ztfbooks.com\/wp-content\/uploads\/2024\/05\/logo-bleu.webp?resize=350%2C200&ssl=1 1x, https:\/\/i0.wp.com\/ztfbooks.com\/wp-content\/uploads\/2024\/05\/logo-bleu.webp?resize=525%2C300&ssl=1 1.5x, https:\/\/i0.wp.com\/ztfbooks.com\/wp-content\/uploads\/2024\/05\/logo-bleu.webp?resize=700%2C400&ssl=1 2x"},"classes":[]},{"id":25302,"url":"https:\/\/ztfbooks.com\/de\/audiobooks\/","url_meta":{"origin":15594,"position":1},"title":"Audiobooks","author":"ZTF BOOKS","date":"11. Mai 2023","format":false,"excerpt":"Z.T. Fomum's audiobooks An entertaining way to finally get around to all the powerful and transforming books from the best-selling Christian author you\u2019ve always meant to read FREE samples Full catalogue Premium Quality Recordings 113+  ZTF  Audiobooks  Are  Now  Available  72% of Gen Z and millennials (18-to-34-year-olds) lead in listening\u2026","rel":"","context":"\u00c4hnlicher Beitrag","block_context":{"text":"\u00c4hnlicher Beitrag","link":""},"img":{"alt_text":"ztf audiobook","src":"https:\/\/i0.wp.com\/ztfbooks.com\/wp-content\/uploads\/2023\/11\/BookBrushImage-2023-11-29-10-3910.webp?resize=350%2C200&ssl=1","width":350,"height":200,"srcset":"https:\/\/i0.wp.com\/ztfbooks.com\/wp-content\/uploads\/2023\/11\/BookBrushImage-2023-11-29-10-3910.webp?resize=350%2C200&ssl=1 1x, https:\/\/i0.wp.com\/ztfbooks.com\/wp-content\/uploads\/2023\/11\/BookBrushImage-2023-11-29-10-3910.webp?resize=525%2C300&ssl=1 1.5x, https:\/\/i0.wp.com\/ztfbooks.com\/wp-content\/uploads\/2023\/11\/BookBrushImage-2023-11-29-10-3910.webp?resize=700%2C400&ssl=1 2x"},"classes":[]},{"id":8,"url":"https:\/\/ztfbooks.com\/de\/about\/","url_meta":{"origin":15594,"position":2},"title":"About","author":"ZTF BOOKS","date":"4. Mai 2023","format":false,"excerpt":"Learn more about the author Prof. Zacharias Tanee Fomum A team leader and apostle of a successful missionary work and movement. A  concatenation  of  kaleidoscopic  influences  View timeline A  leading  voice  for  personal  spiritual  revival  Get a clasical A  concatenation  of  kaleidoscopic  influences  View timeline A  leading  voice  for  personal \u2026","rel":"","context":"\u00c4hnlicher Beitrag","block_context":{"text":"\u00c4hnlicher Beitrag","link":""},"img":{"alt_text":"Image link","src":"https:\/\/i0.wp.com\/ztfbooks.com\/wp-content\/uploads\/2023\/11\/BookBrushImage74064.webp?resize=350%2C200&ssl=1","width":350,"height":200,"srcset":"https:\/\/i0.wp.com\/ztfbooks.com\/wp-content\/uploads\/2023\/11\/BookBrushImage74064.webp?resize=350%2C200&ssl=1 1x, https:\/\/i0.wp.com\/ztfbooks.com\/wp-content\/uploads\/2023\/11\/BookBrushImage74064.webp?resize=525%2C300&ssl=1 1.5x, https:\/\/i0.wp.com\/ztfbooks.com\/wp-content\/uploads\/2023\/11\/BookBrushImage74064.webp?resize=700%2C400&ssl=1 2x, https:\/\/i0.wp.com\/ztfbooks.com\/wp-content\/uploads\/2023\/11\/BookBrushImage74064.webp?resize=1050%2C600&ssl=1 3x"},"classes":[]},{"id":2711,"url":"https:\/\/ztfbooks.com\/de\/home\/","url_meta":{"origin":15594,"position":3},"title":"Homepage","author":"ZTF BOOKS","date":"14. Juni 2020","format":false,"excerpt":"A strong voice for revival A force for holiness A key to godly success Latest  Release  The books you need NOW! Check the entire catalogue DiscipleshipBecoming & continuing as a disciple of Jesus Christ Checkout this series LeadershipDivine counsel for success in leading God's people Check out this series PrayershipPractical\u2026","rel":"","context":"\u00c4hnlicher Beitrag","block_context":{"text":"\u00c4hnlicher Beitrag","link":""},"img":{"alt_text":"","src":"https:\/\/i0.wp.com\/ztfbooks.com\/wp-content\/uploads\/2023\/11\/ZTF-Books-online_2-768x228-1.png?resize=350%2C200&ssl=1","width":350,"height":200,"srcset":"https:\/\/i0.wp.com\/ztfbooks.com\/wp-content\/uploads\/2023\/11\/ZTF-Books-online_2-768x228-1.png?resize=350%2C200&ssl=1 1x, https:\/\/i0.wp.com\/ztfbooks.com\/wp-content\/uploads\/2023\/11\/ZTF-Books-online_2-768x228-1.png?resize=525%2C300&ssl=1 1.5x"},"classes":[]},{"id":25298,"url":"https:\/\/ztfbooks.com\/de\/ztfebook-app\/","url_meta":{"origin":15594,"position":4},"title":"ZTFeBook App","author":"ZTF BOOKS","date":"9. Mai 2023","format":false,"excerpt":"A better reading experience Download  the  FREE  ZTFBooks  mobile  App  Read any title, anywhere, any time, in any format For iPhones For Android Meet  the  ZTFBook  mobile  apps  a great tool for avid readers to read books on-the-go, with various features that enhance the reading experience. For iPhones For Android\u2026","rel":"","context":"\u00c4hnlicher Beitrag","block_context":{"text":"\u00c4hnlicher Beitrag","link":""},"img":{"alt_text":"Image link","src":"https:\/\/i0.wp.com\/ztfbooks.com\/wp-content\/uploads\/2023\/11\/IMG_9314.png?resize=350%2C200&ssl=1","width":350,"height":200,"srcset":"https:\/\/i0.wp.com\/ztfbooks.com\/wp-content\/uploads\/2023\/11\/IMG_9314.png?resize=350%2C200&ssl=1 1x, https:\/\/i0.wp.com\/ztfbooks.com\/wp-content\/uploads\/2023\/11\/IMG_9314.png?resize=525%2C300&ssl=1 1.5x, https:\/\/i0.wp.com\/ztfbooks.com\/wp-content\/uploads\/2023\/11\/IMG_9314.png?resize=700%2C400&ssl=1 2x, https:\/\/i0.wp.com\/ztfbooks.com\/wp-content\/uploads\/2023\/11\/IMG_9314.png?resize=1050%2C600&ssl=1 3x, https:\/\/i0.wp.com\/ztfbooks.com\/wp-content\/uploads\/2023\/11\/IMG_9314.png?resize=1400%2C800&ssl=1 4x"},"classes":[]}],"jetpack_sharing_enabled":true,"_links":{"self":[{"href":"https:\/\/ztfbooks.com\/de\/wp-json\/wp\/v2\/pages\/15594","targetHints":{"allow":["GET"]}}],"collection":[{"href":"https:\/\/ztfbooks.com\/de\/wp-json\/wp\/v2\/pages"}],"about":[{"href":"https:\/\/ztfbooks.com\/de\/wp-json\/wp\/v2\/types\/page"}],"author":[{"embeddable":true,"href":"https:\/\/ztfbooks.com\/de\/wp-json\/wp\/v2\/users\/1"}],"replies":[{"embeddable":true,"href":"https:\/\/ztfbooks.com\/de\/wp-json\/wp\/v2\/comments?post=15594"}],"version-history":[{"count":0,"href":"https:\/\/ztfbooks.com\/de\/wp-json\/wp\/v2\/pages\/15594\/revisions"}],"wp:attachment":[{"href":"https:\/\/ztfbooks.com\/de\/wp-json\/wp\/v2\/media?parent=15594"}],"curies":[{"name":"wp","href":"https:\/\/api.w.org\/{rel}","templated":true}]}}