{"id":5289,"date":"2019-02-28T14:17:35","date_gmt":"2019-02-28T14:17:35","guid":{"rendered":"http:\/\/ztfbooks.depts.cmfionline.com\/z-t-fomum\/"},"modified":"2023-02-10T10:08:37","modified_gmt":"2023-02-10T10:08:37","slug":"z-t-fomum","status":"publish","type":"page","link":"https:\/\/ztfbooks.com\/fr\/z-t-fomum\/","title":{"rendered":"Z.T. Fomum"},"content":{"rendered":"<p>[vc_row full_width=\u00a0\u00bbstretch_row\u00a0\u00bb css=\u00a0\u00bb.vc_custom_1556186848115{background-color: #f3f0ef !important;}\u00a0\u00bb][vc_column offset=\u00a0\u00bbvc_hidden-lg vc_hidden-md\u00a0\u00bb][vc_single_image image=\u00a0\u00bb196&Prime; img_size=\u00a0\u00bblarge\u00a0\u00bb alignment=\u00a0\u00bbcenter\u00a0\u00bb style=\u00a0\u00bbvc_box_rounded\u00a0\u00bb css=\u00a0\u00bb.vc_custom_1556187319700{margin-bottom: 0px !important;}\u00a0\u00bb][\/vc_column][\/vc_row][vc_row full_width=\u00a0\u00bbstretch_row\u00a0\u00bb css=\u00a0\u00bb.vc_custom_1675979543612{background: #f3f0ef url(http:\/\/ztfbooks.depts.cmfionline.com\/wp-content\/uploads\/2023\/02\/BookBrushImage-2023-2-9-22-5128.png?id=5156) !important;background-position: center !important;background-repeat: no-repeat !important;background-size: cover !important;}\u00a0\u00bb el_class=\u00a0\u00bbabout-author-bio\u00a0\u00bb][vc_column width=\u00a0\u00bb1\/2&Prime; css=\u00a0\u00bb.vc_custom_1555587610065{padding-top: 0px !important;}\u00a0\u00bb][lab_heading title=\u00a0\u00bbProf. Z.T. Fomum\u00a0\u00bb el_class=\u00a0\u00bbauthor-page-title\u00a0\u00bb]Homme de science, Ap\u00f4tre, Revivaliste.[\/lab_heading][vc_column_text]<\/p>\n<div><em>Z.T. Fomum<\/em>\u00a0\u00e9tait exceptionnel dans de nombreux domaines. Il \u00e9tait un professeur d&rsquo;universit\u00e9, un homme de science, un enseignant de pri\u00e8re \u00e0 l&rsquo;\u00e9chelle mondiale, et un homme aux exp\u00e9riences spirituelles des plus inhabituelles. Il \u00e9tait le chef d&rsquo;\u00e9quipe et l&rsquo;ap\u00f4tre d&rsquo;une \u0153uvre et d&rsquo;un <u>mouvement missionnaires \u00e0 succ\u00e8s.<\/u><\/div>\n<div><\/div>\n<div>Il \u00e9tait \u00e9galement une voix majeure pour le r\u00e9veil. Il \u00e9tait un bourreau de travail et aimait ses relations personnelles d&rsquo;une mani\u00e8re inhabituelle. Il a attir\u00e9 \u00e0 lui des hommes et des femmes de grande qualit\u00e9 et tr\u00e8s dou\u00e9s dans les relations \u00e0 long terme et engage dans une cause.<\/div>\n<p>[\/vc_column_text][lab_button title=\u00a0\u00bbEn savoir plus\u00a0\u00bb type=\u00a0\u00bbstandard\u00a0\u00bb size=\u00a0\u00bbbtn-large\u00a0\u00bb link=\u00a0\u00bburl:https%3A%2Fztfomum.org|target:_blank|\u00a0\u00bb css=\u00a0\u00bb.vc_custom_1675982548268{border-radius: 5px !important;}\u00a0\u00bb][\/vc_column][vc_column width=\u00a0\u00bb1\/2&Prime; offset=\u00a0\u00bbvc_hidden-sm vc_hidden-xs\u00a0\u00bb][\/vc_column][\/vc_row][vc_row full_width=\u00a0\u00bbstretch_row\u00a0\u00bb css=\u00a0\u00bb.vc_custom_1675978065926{background-color: #ffffff !important;background-position: 0 0 !important;background-repeat: repeat !important;}\u00a0\u00bb][vc_column][vc_column_text]<\/p>\n<h3>Livres populaires<\/h3>\n<p>Livres les plus populaires de Z.T. Fomum<\/p>\n<p>[\/vc_column_text]<div class=\"woocommerce columns-5 \"><\/div>[\/vc_column][\/vc_row][vc_row full_width=\u00a0\u00bbstretch_row\u00a0\u00bb css=\u00a0\u00bb.vc_custom_1555587637765{background-image: url(http:\/\/ztfbooks.depts.cmfionline.com\/wp-content\/uploads\/2019\/04\/cork-wallet.png?id=653) !important;}\u00a0\u00bb el_class=\u00a0\u00bbabout-author-quote\u00a0\u00bb][vc_column css=\u00a0\u00bb.vc_custom_1555587703945{padding-top: 0px !important;}\u00a0\u00bb][vc_column_text css=\u00a0\u00bb.vc_custom_1675983320405{margin-bottom: 0px !important;}\u00a0\u00bb]<\/p>\n<h2>\u201cIl y avait un temps o\u00f9 je n\u2019\u00e9tais pas un enseignant de la Bible. \u00c0 dix-sept heures le 21 octobre 1970, le Saint-Esprit est descendu sur moi et le jour suivant, je suis devenu un enseignant de la Bible. Je n\u2019ai pas appris \u00e0 l\u00b4\u00eatre.\u201d<\/h2>\n<p style=\"text-align: right;\"><em>Z.T. Fomum, dans \u00ab\u00a0De Ses L\u00e8vres (vol. 1)\u00a0\u00bb<\/em><\/p>\n<p>[\/vc_column_text][\/vc_column][\/vc_row]<\/p>\n","protected":false},"excerpt":{"rendered":"<p>[vc_row full_width=\u00a0\u00bbstretch_row\u00a0\u00bb css=\u00a0\u00bb.vc_custom_1556186848115{background-color: #f3f0ef !important;}\u00a0\u00bb][vc_column offset=\u00a0\u00bbvc_hidden-lg vc_hidden-md\u00a0\u00bb][vc_single_image image=\u00a0\u00bb196&Prime; img_size=\u00a0\u00bblarge\u00a0\u00bb alignment=\u00a0\u00bbcenter\u00a0\u00bb style=\u00a0\u00bbvc_box_rounded\u00a0\u00bb css=\u00a0\u00bb.vc_custom_1556187319700{margin-bottom: 0px !important;}\u00a0\u00bb][\/vc_column][\/vc_row][vc_row full_width=\u00a0\u00bbstretch_row\u00a0\u00bb css=\u00a0\u00bb.vc_custom_1675979543612{background: #f3f0ef url(http:\/\/ztfbooks.depts.cmfionline.com\/wp-content\/uploads\/2023\/02\/BookBrushImage-2023-2-9-22-5128.png?id=5156) !important;background-position: center !important;background-repeat: no-repeat !important;background-size: cover !important;}\u00a0\u00bb el_class=\u00a0\u00bbabout-author-bio\u00a0\u00bb][vc_column width=\u00a0\u00bb1\/2&Prime; css=\u00a0\u00bb.vc_custom_1555587610065{padding-top: 0px !important;}\u00a0\u00bb][lab_heading title=\u00a0\u00bbProf. Z.T. Fomum\u00a0\u00bb el_class=\u00a0\u00bbauthor-page-title\u00a0\u00bb]Homme de science, Ap\u00f4tre, Revivaliste.[\/lab_heading][vc_column_text] Z.T. Fomum\u00a0\u00e9tait&#8230;<\/p>\n","protected":false},"author":1,"featured_media":0,"parent":0,"menu_order":0,"comment_status":"closed","ping_status":"closed","template":"","meta":{"footnotes":""},"class_list":["post-5289","page","type-page","status-publish","hentry"],"yoast_head":"<!-- This site is optimized with the Yoast SEO plugin v27.6 - https:\/\/yoast.com\/product\/yoast-seo-wordpress\/ -->\n<title>Z.T. Fomum &#187; ZTFBooks<\/title>\n<meta name=\"robots\" content=\"index, follow, max-snippet:-1, max-image-preview:large, max-video-preview:-1\" \/>\n<link rel=\"canonical\" href=\"https:\/\/ztfbooks.com\/fr\/z-t-fomum\/\" \/>\n<meta property=\"og:locale\" content=\"fr_FR\" \/>\n<meta property=\"og:type\" content=\"article\" \/>\n<meta property=\"og:title\" content=\"Z.T. Fomum &#187; ZTFBooks\" \/>\n<meta property=\"og:description\" content=\"[vc_row full_width=\u00a0\u00bbstretch_row\u00a0\u00bb css=\u00a0\u00bb.vc_custom_1556186848115{background-color: #f3f0ef !important;}\u00a0\u00bb][vc_column offset=\u00a0\u00bbvc_hidden-lg vc_hidden-md\u00a0\u00bb][vc_single_image image=\u00a0\u00bb196&Prime; img_size=\u00a0\u00bblarge\u00a0\u00bb alignment=\u00a0\u00bbcenter\u00a0\u00bb style=\u00a0\u00bbvc_box_rounded\u00a0\u00bb css=\u00a0\u00bb.vc_custom_1556187319700{margin-bottom: 0px !important;}\u00a0\u00bb][\/vc_column][\/vc_row][vc_row full_width=\u00a0\u00bbstretch_row\u00a0\u00bb css=\u00a0\u00bb.vc_custom_1675979543612{background: #f3f0ef url(http:\/\/ztfbooks.depts.cmfionline.com\/wp-content\/uploads\/2023\/02\/BookBrushImage-2023-2-9-22-5128.png?id=5156) !important;background-position: center !important;background-repeat: no-repeat !important;background-size: cover !important;}\u00a0\u00bb el_class=\u00a0\u00bbabout-author-bio\u00a0\u00bb][vc_column width=\u00a0\u00bb1\/2&Prime; css=\u00a0\u00bb.vc_custom_1555587610065{padding-top: 0px !important;}\u00a0\u00bb][lab_heading title=\u00a0\u00bbProf. Z.T. Fomum\u00a0\u00bb el_class=\u00a0\u00bbauthor-page-title\u00a0\u00bb]Homme de science, Ap\u00f4tre, Revivaliste.[\/lab_heading][vc_column_text] Z.T. Fomum\u00a0\u00e9tait...\" \/>\n<meta property=\"og:url\" content=\"https:\/\/ztfbooks.com\/fr\/z-t-fomum\/\" \/>\n<meta property=\"og:site_name\" content=\"ZTFBooks\" \/>\n<meta property=\"article:publisher\" content=\"https:\/\/facebook.com\/cmfionline\" \/>\n<meta property=\"article:modified_time\" content=\"2023-02-10T10:08:37+00:00\" \/>\n<meta property=\"og:image\" content=\"https:\/\/i0.wp.com\/ztfbooks.com\/wp-content\/uploads\/2023\/10\/paper-scaled.jpg?fit=2560%2C1920&ssl=1\" \/>\n\t<meta property=\"og:image:width\" content=\"2560\" \/>\n\t<meta property=\"og:image:height\" content=\"1920\" \/>\n\t<meta property=\"og:image:type\" content=\"image\/jpeg\" \/>\n<meta name=\"twitter:card\" content=\"summary_large_image\" \/>\n<meta name=\"twitter:site\" content=\"@cmfionline\" \/>\n<meta name=\"twitter:label1\" content=\"Dur\u00e9e de lecture estim\u00e9e\" \/>\n\t<meta name=\"twitter:data1\" content=\"2 minutes\" \/>\n<script type=\"application\/ld+json\" class=\"yoast-schema-graph\">{\"@context\":\"https:\\\/\\\/schema.org\",\"@graph\":[{\"@type\":\"WebPage\",\"@id\":\"https:\\\/\\\/ztfbooks.com\\\/fr\\\/z-t-fomum\\\/\",\"url\":\"https:\\\/\\\/ztfbooks.com\\\/fr\\\/z-t-fomum\\\/\",\"name\":\"Z.T. Fomum &#187; ZTFBooks\",\"isPartOf\":{\"@id\":\"https:\\\/\\\/ztfbooks.com\\\/fr\\\/#website\"},\"datePublished\":\"2019-02-28T14:17:35+00:00\",\"dateModified\":\"2023-02-10T10:08:37+00:00\",\"breadcrumb\":{\"@id\":\"https:\\\/\\\/ztfbooks.com\\\/fr\\\/z-t-fomum\\\/#breadcrumb\"},\"inLanguage\":\"fr-FR\",\"potentialAction\":[{\"@type\":\"ReadAction\",\"target\":[\"https:\\\/\\\/ztfbooks.com\\\/fr\\\/z-t-fomum\\\/\"]}]},{\"@type\":\"BreadcrumbList\",\"@id\":\"https:\\\/\\\/ztfbooks.com\\\/fr\\\/z-t-fomum\\\/#breadcrumb\",\"itemListElement\":[{\"@type\":\"ListItem\",\"position\":1,\"name\":\"Home\",\"item\":\"https:\\\/\\\/ztfbooks.com\\\/fr\\\/\"},{\"@type\":\"ListItem\",\"position\":2,\"name\":\"Z.T. Fomum\"}]},{\"@type\":\"WebSite\",\"@id\":\"https:\\\/\\\/ztfbooks.com\\\/fr\\\/#website\",\"url\":\"https:\\\/\\\/ztfbooks.com\\\/fr\\\/\",\"name\":\"ZTFBooks\",\"description\":\"A good literature for the inner life\",\"publisher\":{\"@id\":\"https:\\\/\\\/ztfbooks.com\\\/fr\\\/#organization\"},\"alternateName\":\"Zach Fomum Books\",\"potentialAction\":[{\"@type\":\"SearchAction\",\"target\":{\"@type\":\"EntryPoint\",\"urlTemplate\":\"https:\\\/\\\/ztfbooks.com\\\/fr\\\/?s={search_term_string}\"},\"query-input\":{\"@type\":\"PropertyValueSpecification\",\"valueRequired\":true,\"valueName\":\"search_term_string\"}}],\"inLanguage\":\"fr-FR\"},{\"@type\":\"Organization\",\"@id\":\"https:\\\/\\\/ztfbooks.com\\\/fr\\\/#organization\",\"name\":\"ZTFBooks\",\"url\":\"https:\\\/\\\/ztfbooks.com\\\/fr\\\/\",\"logo\":{\"@type\":\"ImageObject\",\"inLanguage\":\"fr-FR\",\"@id\":\"https:\\\/\\\/ztfbooks.com\\\/fr\\\/#\\\/schema\\\/logo\\\/image\\\/\",\"url\":\"https:\\\/\\\/i0.wp.com\\\/ztfbooks.com\\\/wp-content\\\/uploads\\\/2022\\\/11\\\/cropped-1.jpg?fit=300%2C300&ssl=1\",\"contentUrl\":\"https:\\\/\\\/i0.wp.com\\\/ztfbooks.com\\\/wp-content\\\/uploads\\\/2022\\\/11\\\/cropped-1.jpg?fit=300%2C300&ssl=1\",\"width\":300,\"height\":300,\"caption\":\"ZTFBooks\"},\"image\":{\"@id\":\"https:\\\/\\\/ztfbooks.com\\\/fr\\\/#\\\/schema\\\/logo\\\/image\\\/\"},\"sameAs\":[\"https:\\\/\\\/facebook.com\\\/cmfionline\",\"https:\\\/\\\/x.com\\\/cmfionline\"]}]}<\/script>\n<!-- \/ Yoast SEO plugin. -->","yoast_head_json":{"title":"Z.T. Fomum &#187; ZTFBooks","robots":{"index":"index","follow":"follow","max-snippet":"max-snippet:-1","max-image-preview":"max-image-preview:large","max-video-preview":"max-video-preview:-1"},"canonical":"https:\/\/ztfbooks.com\/fr\/z-t-fomum\/","og_locale":"fr_FR","og_type":"article","og_title":"Z.T. Fomum &#187; ZTFBooks","og_description":"[vc_row full_width=\u00a0\u00bbstretch_row\u00a0\u00bb css=\u00a0\u00bb.vc_custom_1556186848115{background-color: #f3f0ef !important;}\u00a0\u00bb][vc_column offset=\u00a0\u00bbvc_hidden-lg vc_hidden-md\u00a0\u00bb][vc_single_image image=\u00a0\u00bb196&Prime; img_size=\u00a0\u00bblarge\u00a0\u00bb alignment=\u00a0\u00bbcenter\u00a0\u00bb style=\u00a0\u00bbvc_box_rounded\u00a0\u00bb css=\u00a0\u00bb.vc_custom_1556187319700{margin-bottom: 0px !important;}\u00a0\u00bb][\/vc_column][\/vc_row][vc_row full_width=\u00a0\u00bbstretch_row\u00a0\u00bb css=\u00a0\u00bb.vc_custom_1675979543612{background: #f3f0ef url(http:\/\/ztfbooks.depts.cmfionline.com\/wp-content\/uploads\/2023\/02\/BookBrushImage-2023-2-9-22-5128.png?id=5156) !important;background-position: center !important;background-repeat: no-repeat !important;background-size: cover !important;}\u00a0\u00bb el_class=\u00a0\u00bbabout-author-bio\u00a0\u00bb][vc_column width=\u00a0\u00bb1\/2&Prime; css=\u00a0\u00bb.vc_custom_1555587610065{padding-top: 0px !important;}\u00a0\u00bb][lab_heading title=\u00a0\u00bbProf. Z.T. Fomum\u00a0\u00bb el_class=\u00a0\u00bbauthor-page-title\u00a0\u00bb]Homme de science, Ap\u00f4tre, Revivaliste.[\/lab_heading][vc_column_text] Z.T. Fomum\u00a0\u00e9tait...","og_url":"https:\/\/ztfbooks.com\/fr\/z-t-fomum\/","og_site_name":"ZTFBooks","article_publisher":"https:\/\/facebook.com\/cmfionline","article_modified_time":"2023-02-10T10:08:37+00:00","og_image":[{"width":2560,"height":1920,"url":"https:\/\/i0.wp.com\/ztfbooks.com\/wp-content\/uploads\/2023\/10\/paper-scaled.jpg?fit=2560%2C1920&ssl=1","type":"image\/jpeg"}],"twitter_card":"summary_large_image","twitter_site":"@cmfionline","twitter_misc":{"Dur\u00e9e de lecture estim\u00e9e":"2 minutes"},"schema":{"@context":"https:\/\/schema.org","@graph":[{"@type":"WebPage","@id":"https:\/\/ztfbooks.com\/fr\/z-t-fomum\/","url":"https:\/\/ztfbooks.com\/fr\/z-t-fomum\/","name":"Z.T. Fomum &#187; ZTFBooks","isPartOf":{"@id":"https:\/\/ztfbooks.com\/fr\/#website"},"datePublished":"2019-02-28T14:17:35+00:00","dateModified":"2023-02-10T10:08:37+00:00","breadcrumb":{"@id":"https:\/\/ztfbooks.com\/fr\/z-t-fomum\/#breadcrumb"},"inLanguage":"fr-FR","potentialAction":[{"@type":"ReadAction","target":["https:\/\/ztfbooks.com\/fr\/z-t-fomum\/"]}]},{"@type":"BreadcrumbList","@id":"https:\/\/ztfbooks.com\/fr\/z-t-fomum\/#breadcrumb","itemListElement":[{"@type":"ListItem","position":1,"name":"Home","item":"https:\/\/ztfbooks.com\/fr\/"},{"@type":"ListItem","position":2,"name":"Z.T. Fomum"}]},{"@type":"WebSite","@id":"https:\/\/ztfbooks.com\/fr\/#website","url":"https:\/\/ztfbooks.com\/fr\/","name":"ZTFBooks","description":"A good literature for the inner life","publisher":{"@id":"https:\/\/ztfbooks.com\/fr\/#organization"},"alternateName":"Zach Fomum Books","potentialAction":[{"@type":"SearchAction","target":{"@type":"EntryPoint","urlTemplate":"https:\/\/ztfbooks.com\/fr\/?s={search_term_string}"},"query-input":{"@type":"PropertyValueSpecification","valueRequired":true,"valueName":"search_term_string"}}],"inLanguage":"fr-FR"},{"@type":"Organization","@id":"https:\/\/ztfbooks.com\/fr\/#organization","name":"ZTFBooks","url":"https:\/\/ztfbooks.com\/fr\/","logo":{"@type":"ImageObject","inLanguage":"fr-FR","@id":"https:\/\/ztfbooks.com\/fr\/#\/schema\/logo\/image\/","url":"https:\/\/i0.wp.com\/ztfbooks.com\/wp-content\/uploads\/2022\/11\/cropped-1.jpg?fit=300%2C300&ssl=1","contentUrl":"https:\/\/i0.wp.com\/ztfbooks.com\/wp-content\/uploads\/2022\/11\/cropped-1.jpg?fit=300%2C300&ssl=1","width":300,"height":300,"caption":"ZTFBooks"},"image":{"@id":"https:\/\/ztfbooks.com\/fr\/#\/schema\/logo\/image\/"},"sameAs":["https:\/\/facebook.com\/cmfionline","https:\/\/x.com\/cmfionline"]}]}},"jetpack-related-posts":[{"id":5181,"url":"https:\/\/ztfbooks.com\/ebooks\/","url_meta":{"origin":5289,"position":0},"title":"eBooks","author":"ZTF BOOKS","date":"9 f\u00e9vrier 2023","format":false,"excerpt":"The Game of Life 2024 Summer Games! What if this was equally an opportunity to consider this other game wherein each one of us is an athlete, that of life? This is what Professor Fomum invites us to. He remains faithful to the vision of an individual\u2019s full development which\u2026","rel":"","context":"Article similaire","block_context":{"text":"Article similaire","link":""},"img":{"alt_text":"Image link","src":"https:\/\/i0.wp.com\/ztfbooks.com\/wp-content\/uploads\/2024\/05\/logo-bleu.webp?resize=350%2C200&ssl=1","width":350,"height":200,"srcset":"https:\/\/i0.wp.com\/ztfbooks.com\/wp-content\/uploads\/2024\/05\/logo-bleu.webp?resize=350%2C200&ssl=1 1x, https:\/\/i0.wp.com\/ztfbooks.com\/wp-content\/uploads\/2024\/05\/logo-bleu.webp?resize=525%2C300&ssl=1 1.5x, https:\/\/i0.wp.com\/ztfbooks.com\/wp-content\/uploads\/2024\/05\/logo-bleu.webp?resize=700%2C400&ssl=1 2x"},"classes":[]},{"id":25302,"url":"https:\/\/ztfbooks.com\/audiobooks\/","url_meta":{"origin":5289,"position":1},"title":"Audiobooks","author":"ZTF BOOKS","date":"11 mai 2023","format":false,"excerpt":"Z.T. Fomum's audiobooks An entertaining way to finally get around to all the powerful and transforming books from the best-selling Christian author you\u2019ve always meant to read FREE samples Full catalogue Premium Quality Recordings 113+  ZTF  Audiobooks  Are  Now  Available  72% of Gen Z and millennials (18-to-34-year-olds) lead in listening\u2026","rel":"","context":"Article similaire","block_context":{"text":"Article similaire","link":""},"img":{"alt_text":"ztf audiobook","src":"https:\/\/i0.wp.com\/ztfbooks.com\/wp-content\/uploads\/2023\/11\/BookBrushImage-2023-11-29-10-3910.webp?resize=350%2C200&ssl=1","width":350,"height":200,"srcset":"https:\/\/i0.wp.com\/ztfbooks.com\/wp-content\/uploads\/2023\/11\/BookBrushImage-2023-11-29-10-3910.webp?resize=350%2C200&ssl=1 1x, https:\/\/i0.wp.com\/ztfbooks.com\/wp-content\/uploads\/2023\/11\/BookBrushImage-2023-11-29-10-3910.webp?resize=525%2C300&ssl=1 1.5x, https:\/\/i0.wp.com\/ztfbooks.com\/wp-content\/uploads\/2023\/11\/BookBrushImage-2023-11-29-10-3910.webp?resize=700%2C400&ssl=1 2x"},"classes":[]},{"id":8,"url":"https:\/\/ztfbooks.com\/fr\/about\/","url_meta":{"origin":5289,"position":2},"title":"About","author":"ZTF BOOKS","date":"4 mai 2023","format":false,"excerpt":"Learn more about the author Prof. Zacharias Tanee Fomum A team leader and apostle of a successful missionary work and movement. A  concatenation  of  kaleidoscopic  influences  View timeline A  leading  voice  for  personal  spiritual  revival  Get a clasical A  concatenation  of  kaleidoscopic  influences  View timeline A  leading  voice  for  personal \u2026","rel":"","context":"Article similaire","block_context":{"text":"Article similaire","link":""},"img":{"alt_text":"Image link","src":"https:\/\/i0.wp.com\/ztfbooks.com\/wp-content\/uploads\/2023\/11\/BookBrushImage74064.webp?resize=350%2C200&ssl=1","width":350,"height":200,"srcset":"https:\/\/i0.wp.com\/ztfbooks.com\/wp-content\/uploads\/2023\/11\/BookBrushImage74064.webp?resize=350%2C200&ssl=1 1x, https:\/\/i0.wp.com\/ztfbooks.com\/wp-content\/uploads\/2023\/11\/BookBrushImage74064.webp?resize=525%2C300&ssl=1 1.5x, https:\/\/i0.wp.com\/ztfbooks.com\/wp-content\/uploads\/2023\/11\/BookBrushImage74064.webp?resize=700%2C400&ssl=1 2x, https:\/\/i0.wp.com\/ztfbooks.com\/wp-content\/uploads\/2023\/11\/BookBrushImage74064.webp?resize=1050%2C600&ssl=1 3x"},"classes":[]},{"id":2711,"url":"https:\/\/ztfbooks.com\/fr\/home\/","url_meta":{"origin":5289,"position":3},"title":"Homepage","author":"ZTF BOOKS","date":"14 juin 2020","format":false,"excerpt":"A strong voice for revival A force for holiness A key to godly success Latest  Release  The books you need NOW! Check the entire catalogue DiscipleshipBecoming & continuing as a disciple of Jesus Christ Checkout this series LeadershipDivine counsel for success in leading God's people Check out this series PrayershipPractical\u2026","rel":"","context":"Article similaire","block_context":{"text":"Article similaire","link":""},"img":{"alt_text":"","src":"https:\/\/i0.wp.com\/ztfbooks.com\/wp-content\/uploads\/2023\/11\/ZTF-Books-online_2-768x228-1.png?resize=350%2C200&ssl=1","width":350,"height":200,"srcset":"https:\/\/i0.wp.com\/ztfbooks.com\/wp-content\/uploads\/2023\/11\/ZTF-Books-online_2-768x228-1.png?resize=350%2C200&ssl=1 1x, https:\/\/i0.wp.com\/ztfbooks.com\/wp-content\/uploads\/2023\/11\/ZTF-Books-online_2-768x228-1.png?resize=525%2C300&ssl=1 1.5x"},"classes":[]},{"id":25298,"url":"https:\/\/ztfbooks.com\/fr\/ztfebook-app\/","url_meta":{"origin":5289,"position":4},"title":"ZTFeBook App","author":"ZTF BOOKS","date":"9 mai 2023","format":false,"excerpt":"A better reading experience Download  the  FREE  ZTFBooks  mobile  App  Read any title, anywhere, any time, in any format For iPhones For Android Meet  the  ZTFBook  mobile  apps  a great tool for avid readers to read books on-the-go, with various features that enhance the reading experience. For iPhones For Android\u2026","rel":"","context":"Article similaire","block_context":{"text":"Article similaire","link":""},"img":{"alt_text":"Image link","src":"https:\/\/i0.wp.com\/ztfbooks.com\/wp-content\/uploads\/2023\/11\/IMG_9314.png?resize=350%2C200&ssl=1","width":350,"height":200,"srcset":"https:\/\/i0.wp.com\/ztfbooks.com\/wp-content\/uploads\/2023\/11\/IMG_9314.png?resize=350%2C200&ssl=1 1x, https:\/\/i0.wp.com\/ztfbooks.com\/wp-content\/uploads\/2023\/11\/IMG_9314.png?resize=525%2C300&ssl=1 1.5x, https:\/\/i0.wp.com\/ztfbooks.com\/wp-content\/uploads\/2023\/11\/IMG_9314.png?resize=700%2C400&ssl=1 2x, https:\/\/i0.wp.com\/ztfbooks.com\/wp-content\/uploads\/2023\/11\/IMG_9314.png?resize=1050%2C600&ssl=1 3x, https:\/\/i0.wp.com\/ztfbooks.com\/wp-content\/uploads\/2023\/11\/IMG_9314.png?resize=1400%2C800&ssl=1 4x"},"classes":[]}],"jetpack_sharing_enabled":true,"_links":{"self":[{"href":"https:\/\/ztfbooks.com\/fr\/wp-json\/wp\/v2\/pages\/5289","targetHints":{"allow":["GET"]}}],"collection":[{"href":"https:\/\/ztfbooks.com\/fr\/wp-json\/wp\/v2\/pages"}],"about":[{"href":"https:\/\/ztfbooks.com\/fr\/wp-json\/wp\/v2\/types\/page"}],"author":[{"embeddable":true,"href":"https:\/\/ztfbooks.com\/fr\/wp-json\/wp\/v2\/users\/1"}],"replies":[{"embeddable":true,"href":"https:\/\/ztfbooks.com\/fr\/wp-json\/wp\/v2\/comments?post=5289"}],"version-history":[{"count":0,"href":"https:\/\/ztfbooks.com\/fr\/wp-json\/wp\/v2\/pages\/5289\/revisions"}],"wp:attachment":[{"href":"https:\/\/ztfbooks.com\/fr\/wp-json\/wp\/v2\/media?parent=5289"}],"curies":[{"name":"wp","href":"https:\/\/api.w.org\/{rel}","templated":true}]}}