{"id":33116,"date":"2024-01-13T20:06:17","date_gmt":"2024-01-13T20:06:17","guid":{"rendered":"https:\/\/ztfbooks.com\/book\/la-noblesse-spirtuel\/"},"modified":"2024-01-13T20:06:17","modified_gmt":"2024-01-13T20:06:17","slug":"la-noblesse-spirtuel","status":"publish","type":"product","link":"https:\/\/ztfbooks.com\/fr\/book\/la-noblesse-spirtuel\/","title":{"rendered":"La Noblesse spirtuel"},"content":{"rendered":"<p>Ce livre de\u00a0<span class=\"a-text-italic\">Zacharias Tanee Fomum<\/span>\u00a0est\u00a0<u>la description de la beaut\u00e9 et de la grandeur dans la saintet\u00e9 et le caract\u00e8re de Joseph.<\/u><\/p>\n<p>Ce jeune homme laborieux et non oisif endossa tr\u00e8s t\u00f4t la lourde charge de d\u00e9noncer aupr\u00e8s de son p\u00e8re qui l\u2019aimait, le p\u00e9ch\u00e9 de ses fr\u00e8res. Cela lui suscita la jalousie de ses fr\u00e8res qui le vendirent. Descendu en Egypte comme esclave, il travailla dans la maison de Potiphar. L\u00e0 encore, il fuit le p\u00e9ch\u00e9 de toutes ses forces, en refusant de coucher avec la femme de son maitre. Cette attitude lui couta la prison. Dans toutes ces choses, l\u2019Eternel fut avec lui et le b\u00e9nit. Par la main de Dieu qui sait pr\u00e9parer ceux qu\u2019Il veut \u00e9lever \u00e0 la grandeur par des \u00e9preuves, il parvint au tr\u00f4ne et fut un instrument de d\u00e9livrance pour son peuple.<\/p>\n<p><u>Joseph, un homme de vision, un homme de puret\u00e9 sexuelle.<\/u><\/p>\n<p>Ce livre r\u00e9pond \u00e0 un besoin urgent de Dieu de susciter dans l\u2019Eglise des hommes et des femmes semblables \u00e0 Joseph.<\/p>\n<p>Un livre important et facile \u00e0 lire avec un message important.<\/p>\n","protected":false},"excerpt":{"rendered":"<p>Ce livre r\u00e9pond \u00e0 un besoin urgent de Dieu de susciter dans l\u2019Eglise des hommes et des femmes semblables \u00e0 Joseph.<\/p>\n","protected":false},"featured_media":32230,"comment_status":"open","ping_status":"closed","template":"","meta":{"jetpack_publicize_message":"","jetpack_publicize_feature_enabled":true,"jetpack_social_post_already_shared":true,"jetpack_social_options":{"image_generator_settings":{"template":"highway","default_image_id":0,"font":"","enabled":false},"version":2}},"product_brand":[],"product_cat":[977],"product_tag":[979,978],"class_list":{"0":"post-33116","1":"product","2":"type-product","3":"status-publish","4":"has-post-thumbnail","6":"product_cat-diriger-le-peuple-de-dieu","7":"product_tag-faith-fr","8":"product_tag-leadership-fr","10":"first","11":"instock","12":"product-type-external"},"yoast_head":"<!-- This site is optimized with the Yoast SEO plugin v27.4 - https:\/\/yoast.com\/product\/yoast-seo-wordpress\/ -->\n<title>La Noblesse spirtuel &#187; ZTFBooks<\/title>\n<meta name=\"description\" content=\"Ce livre r\u00e9pond \u00e0 un besoin urgent de Dieu de susciter dans l\u2019Eglise des hommes et des femmes semblables \u00e0 Joseph.\" \/>\n<meta name=\"robots\" content=\"index, follow, max-snippet:-1, max-image-preview:large, max-video-preview:-1\" \/>\n<link rel=\"canonical\" href=\"https:\/\/ztfbooks.com\/fr\/book\/la-noblesse-spirtuel\/\" \/>\n<meta property=\"og:locale\" content=\"fr_FR\" \/>\n<meta property=\"og:type\" content=\"article\" \/>\n<meta property=\"og:title\" content=\"La Noblesse spirtuel &#187; ZTFBooks\" \/>\n<meta property=\"og:description\" content=\"Ce livre r\u00e9pond \u00e0 un besoin urgent de Dieu de susciter dans l\u2019Eglise des hommes et des femmes semblables \u00e0 Joseph.\" \/>\n<meta property=\"og:url\" content=\"https:\/\/ztfbooks.com\/fr\/book\/la-noblesse-spirtuel\/\" \/>\n<meta property=\"og:site_name\" content=\"ZTFBooks\" \/>\n<meta property=\"article:publisher\" content=\"https:\/\/facebook.com\/cmfionline\" \/>\n<meta property=\"og:image\" content=\"https:\/\/ztfbooks.com\/wp-content\/uploads\/2024\/01\/BookBrushImage-2023-5-8-16-056.jpg\" \/>\n\t<meta property=\"og:image:width\" content=\"1000\" \/>\n\t<meta property=\"og:image:height\" content=\"1000\" \/>\n\t<meta property=\"og:image:type\" content=\"image\/jpeg\" \/>\n<meta name=\"twitter:card\" content=\"summary_large_image\" \/>\n<meta name=\"twitter:site\" content=\"@cmfionline\" \/>\n<meta name=\"twitter:label1\" content=\"Dur\u00e9e de lecture estim\u00e9e\" \/>\n\t<meta name=\"twitter:data1\" content=\"1 minute\" \/>\n<script type=\"application\/ld+json\" class=\"yoast-schema-graph\">{\"@context\":\"https:\\\/\\\/schema.org\",\"@graph\":[{\"@type\":\"WebPage\",\"@id\":\"https:\\\/\\\/ztfbooks.com\\\/fr\\\/book\\\/la-noblesse-spirtuel\\\/\",\"url\":\"https:\\\/\\\/ztfbooks.com\\\/fr\\\/book\\\/la-noblesse-spirtuel\\\/\",\"name\":\"La Noblesse spirtuel &#187; ZTFBooks\",\"isPartOf\":{\"@id\":\"https:\\\/\\\/ztfbooks.com\\\/fr\\\/#website\"},\"primaryImageOfPage\":{\"@id\":\"https:\\\/\\\/ztfbooks.com\\\/fr\\\/book\\\/la-noblesse-spirtuel\\\/#primaryimage\"},\"image\":{\"@id\":\"https:\\\/\\\/ztfbooks.com\\\/fr\\\/book\\\/la-noblesse-spirtuel\\\/#primaryimage\"},\"thumbnailUrl\":\"https:\\\/\\\/i0.wp.com\\\/ztfbooks.com\\\/wp-content\\\/uploads\\\/2024\\\/01\\\/BookBrushImage-2023-5-8-16-056.jpg?fit=1000%2C1000&ssl=1\",\"datePublished\":\"2024-01-13T20:06:17+00:00\",\"description\":\"Ce livre r\u00e9pond \u00e0 un besoin urgent de Dieu de susciter dans l\u2019Eglise des hommes et des femmes semblables \u00e0 Joseph.\",\"breadcrumb\":{\"@id\":\"https:\\\/\\\/ztfbooks.com\\\/fr\\\/book\\\/la-noblesse-spirtuel\\\/#breadcrumb\"},\"inLanguage\":\"fr-FR\",\"potentialAction\":[{\"@type\":\"ReadAction\",\"target\":[\"https:\\\/\\\/ztfbooks.com\\\/fr\\\/book\\\/la-noblesse-spirtuel\\\/\"]}]},{\"@type\":\"ImageObject\",\"inLanguage\":\"fr-FR\",\"@id\":\"https:\\\/\\\/ztfbooks.com\\\/fr\\\/book\\\/la-noblesse-spirtuel\\\/#primaryimage\",\"url\":\"https:\\\/\\\/i0.wp.com\\\/ztfbooks.com\\\/wp-content\\\/uploads\\\/2024\\\/01\\\/BookBrushImage-2023-5-8-16-056.jpg?fit=1000%2C1000&ssl=1\",\"contentUrl\":\"https:\\\/\\\/i0.wp.com\\\/ztfbooks.com\\\/wp-content\\\/uploads\\\/2024\\\/01\\\/BookBrushImage-2023-5-8-16-056.jpg?fit=1000%2C1000&ssl=1\",\"width\":1000,\"height\":1000},{\"@type\":\"BreadcrumbList\",\"@id\":\"https:\\\/\\\/ztfbooks.com\\\/fr\\\/book\\\/la-noblesse-spirtuel\\\/#breadcrumb\",\"itemListElement\":[{\"@type\":\"ListItem\",\"position\":1,\"name\":\"Home\",\"item\":\"https:\\\/\\\/ztfbooks.com\\\/fr\\\/\"},{\"@type\":\"ListItem\",\"position\":2,\"name\":\"Livres\",\"item\":\"https:\\\/\\\/ztfbooks.com\\\/books\\\/\"},{\"@type\":\"ListItem\",\"position\":3,\"name\":\"La Noblesse spirtuel\"}]},{\"@type\":\"WebSite\",\"@id\":\"https:\\\/\\\/ztfbooks.com\\\/fr\\\/#website\",\"url\":\"https:\\\/\\\/ztfbooks.com\\\/fr\\\/\",\"name\":\"ZTFBooks\",\"description\":\"A good literature for the inner life\",\"publisher\":{\"@id\":\"https:\\\/\\\/ztfbooks.com\\\/fr\\\/#organization\"},\"alternateName\":\"Zach Fomum Books\",\"potentialAction\":[{\"@type\":\"SearchAction\",\"target\":{\"@type\":\"EntryPoint\",\"urlTemplate\":\"https:\\\/\\\/ztfbooks.com\\\/fr\\\/?s={search_term_string}\"},\"query-input\":{\"@type\":\"PropertyValueSpecification\",\"valueRequired\":true,\"valueName\":\"search_term_string\"}}],\"inLanguage\":\"fr-FR\"},{\"@type\":\"Organization\",\"@id\":\"https:\\\/\\\/ztfbooks.com\\\/fr\\\/#organization\",\"name\":\"ZTFBooks\",\"url\":\"https:\\\/\\\/ztfbooks.com\\\/fr\\\/\",\"logo\":{\"@type\":\"ImageObject\",\"inLanguage\":\"fr-FR\",\"@id\":\"https:\\\/\\\/ztfbooks.com\\\/fr\\\/#\\\/schema\\\/logo\\\/image\\\/\",\"url\":\"https:\\\/\\\/i0.wp.com\\\/ztfbooks.com\\\/wp-content\\\/uploads\\\/2022\\\/11\\\/cropped-1.jpg?fit=300%2C300&ssl=1\",\"contentUrl\":\"https:\\\/\\\/i0.wp.com\\\/ztfbooks.com\\\/wp-content\\\/uploads\\\/2022\\\/11\\\/cropped-1.jpg?fit=300%2C300&ssl=1\",\"width\":300,\"height\":300,\"caption\":\"ZTFBooks\"},\"image\":{\"@id\":\"https:\\\/\\\/ztfbooks.com\\\/fr\\\/#\\\/schema\\\/logo\\\/image\\\/\"},\"sameAs\":[\"https:\\\/\\\/facebook.com\\\/cmfionline\",\"https:\\\/\\\/x.com\\\/cmfionline\"]}]}<\/script>\n<!-- \/ Yoast SEO plugin. -->","yoast_head_json":{"title":"La Noblesse spirtuel &#187; ZTFBooks","description":"Ce livre r\u00e9pond \u00e0 un besoin urgent de Dieu de susciter dans l\u2019Eglise des hommes et des femmes semblables \u00e0 Joseph.","robots":{"index":"index","follow":"follow","max-snippet":"max-snippet:-1","max-image-preview":"max-image-preview:large","max-video-preview":"max-video-preview:-1"},"canonical":"https:\/\/ztfbooks.com\/fr\/book\/la-noblesse-spirtuel\/","og_locale":"fr_FR","og_type":"article","og_title":"La Noblesse spirtuel &#187; ZTFBooks","og_description":"Ce livre r\u00e9pond \u00e0 un besoin urgent de Dieu de susciter dans l\u2019Eglise des hommes et des femmes semblables \u00e0 Joseph.","og_url":"https:\/\/ztfbooks.com\/fr\/book\/la-noblesse-spirtuel\/","og_site_name":"ZTFBooks","article_publisher":"https:\/\/facebook.com\/cmfionline","og_image":[{"width":1000,"height":1000,"url":"https:\/\/ztfbooks.com\/wp-content\/uploads\/2024\/01\/BookBrushImage-2023-5-8-16-056.jpg","type":"image\/jpeg"}],"twitter_card":"summary_large_image","twitter_site":"@cmfionline","twitter_misc":{"Dur\u00e9e de lecture estim\u00e9e":"1 minute"},"schema":{"@context":"https:\/\/schema.org","@graph":[{"@type":"WebPage","@id":"https:\/\/ztfbooks.com\/fr\/book\/la-noblesse-spirtuel\/","url":"https:\/\/ztfbooks.com\/fr\/book\/la-noblesse-spirtuel\/","name":"La Noblesse spirtuel &#187; ZTFBooks","isPartOf":{"@id":"https:\/\/ztfbooks.com\/fr\/#website"},"primaryImageOfPage":{"@id":"https:\/\/ztfbooks.com\/fr\/book\/la-noblesse-spirtuel\/#primaryimage"},"image":{"@id":"https:\/\/ztfbooks.com\/fr\/book\/la-noblesse-spirtuel\/#primaryimage"},"thumbnailUrl":"https:\/\/i0.wp.com\/ztfbooks.com\/wp-content\/uploads\/2024\/01\/BookBrushImage-2023-5-8-16-056.jpg?fit=1000%2C1000&ssl=1","datePublished":"2024-01-13T20:06:17+00:00","description":"Ce livre r\u00e9pond \u00e0 un besoin urgent de Dieu de susciter dans l\u2019Eglise des hommes et des femmes semblables \u00e0 Joseph.","breadcrumb":{"@id":"https:\/\/ztfbooks.com\/fr\/book\/la-noblesse-spirtuel\/#breadcrumb"},"inLanguage":"fr-FR","potentialAction":[{"@type":"ReadAction","target":["https:\/\/ztfbooks.com\/fr\/book\/la-noblesse-spirtuel\/"]}]},{"@type":"ImageObject","inLanguage":"fr-FR","@id":"https:\/\/ztfbooks.com\/fr\/book\/la-noblesse-spirtuel\/#primaryimage","url":"https:\/\/i0.wp.com\/ztfbooks.com\/wp-content\/uploads\/2024\/01\/BookBrushImage-2023-5-8-16-056.jpg?fit=1000%2C1000&ssl=1","contentUrl":"https:\/\/i0.wp.com\/ztfbooks.com\/wp-content\/uploads\/2024\/01\/BookBrushImage-2023-5-8-16-056.jpg?fit=1000%2C1000&ssl=1","width":1000,"height":1000},{"@type":"BreadcrumbList","@id":"https:\/\/ztfbooks.com\/fr\/book\/la-noblesse-spirtuel\/#breadcrumb","itemListElement":[{"@type":"ListItem","position":1,"name":"Home","item":"https:\/\/ztfbooks.com\/fr\/"},{"@type":"ListItem","position":2,"name":"Livres","item":"https:\/\/ztfbooks.com\/books\/"},{"@type":"ListItem","position":3,"name":"La Noblesse spirtuel"}]},{"@type":"WebSite","@id":"https:\/\/ztfbooks.com\/fr\/#website","url":"https:\/\/ztfbooks.com\/fr\/","name":"ZTFBooks","description":"A good literature for the inner life","publisher":{"@id":"https:\/\/ztfbooks.com\/fr\/#organization"},"alternateName":"Zach Fomum Books","potentialAction":[{"@type":"SearchAction","target":{"@type":"EntryPoint","urlTemplate":"https:\/\/ztfbooks.com\/fr\/?s={search_term_string}"},"query-input":{"@type":"PropertyValueSpecification","valueRequired":true,"valueName":"search_term_string"}}],"inLanguage":"fr-FR"},{"@type":"Organization","@id":"https:\/\/ztfbooks.com\/fr\/#organization","name":"ZTFBooks","url":"https:\/\/ztfbooks.com\/fr\/","logo":{"@type":"ImageObject","inLanguage":"fr-FR","@id":"https:\/\/ztfbooks.com\/fr\/#\/schema\/logo\/image\/","url":"https:\/\/i0.wp.com\/ztfbooks.com\/wp-content\/uploads\/2022\/11\/cropped-1.jpg?fit=300%2C300&ssl=1","contentUrl":"https:\/\/i0.wp.com\/ztfbooks.com\/wp-content\/uploads\/2022\/11\/cropped-1.jpg?fit=300%2C300&ssl=1","width":300,"height":300,"caption":"ZTFBooks"},"image":{"@id":"https:\/\/ztfbooks.com\/fr\/#\/schema\/logo\/image\/"},"sameAs":["https:\/\/facebook.com\/cmfionline","https:\/\/x.com\/cmfionline"]}]}},"jetpack_publicize_connections":[],"jetpack-related-posts":[],"jetpack_sharing_enabled":true,"_links":{"self":[{"href":"https:\/\/ztfbooks.com\/fr\/wp-json\/wp\/v2\/product\/33116","targetHints":{"allow":["GET"]}}],"collection":[{"href":"https:\/\/ztfbooks.com\/fr\/wp-json\/wp\/v2\/product"}],"about":[{"href":"https:\/\/ztfbooks.com\/fr\/wp-json\/wp\/v2\/types\/product"}],"replies":[{"embeddable":true,"href":"https:\/\/ztfbooks.com\/fr\/wp-json\/wp\/v2\/comments?post=33116"}],"wp:featuredmedia":[{"embeddable":true,"href":"https:\/\/ztfbooks.com\/fr\/wp-json\/wp\/v2\/media\/32230"}],"wp:attachment":[{"href":"https:\/\/ztfbooks.com\/fr\/wp-json\/wp\/v2\/media?parent=33116"}],"wp:term":[{"taxonomy":"product_brand","embeddable":true,"href":"https:\/\/ztfbooks.com\/fr\/wp-json\/wp\/v2\/product_brand?post=33116"},{"taxonomy":"product_cat","embeddable":true,"href":"https:\/\/ztfbooks.com\/fr\/wp-json\/wp\/v2\/product_cat?post=33116"},{"taxonomy":"product_tag","embeddable":true,"href":"https:\/\/ztfbooks.com\/fr\/wp-json\/wp\/v2\/product_tag?post=33116"}],"curies":[{"name":"wp","href":"https:\/\/api.w.org\/{rel}","templated":true}]}}